{"id":11,"date":"2021-09-17T06:58:23","date_gmt":"2021-09-17T06:58:23","guid":{"rendered":"https:\/\/pensjonatstanczyk.pl\/?page_id=11"},"modified":"2025-06-04T16:53:11","modified_gmt":"2025-06-04T16:53:11","slug":"oferta","status":"publish","type":"page","link":"https:\/\/pensjonatstanczyk.pl\/en\/oferta\/","title":{"rendered":"Prices"},"content":{"rendered":"<div data-elementor-type=\"wp-page\" data-elementor-id=\"11\" class=\"elementor elementor-11\" data-elementor-post-type=\"page\">\n\t\t\t\t\t\t<section class=\"elementor-section elementor-top-section elementor-element elementor-element-f5c5524 elementor-section-boxed elementor-section-height-default elementor-section-height-default\" data-id=\"f5c5524\" data-element_type=\"section\">\n\t\t\t\t\t\t<div class=\"elementor-container elementor-column-gap-default\">\n\t\t\t\t\t<div class=\"elementor-column elementor-col-100 elementor-top-column elementor-element elementor-element-3fbb77a\" data-id=\"3fbb77a\" data-element_type=\"column\">\n\t\t\t<div class=\"elementor-widget-wrap elementor-element-populated\">\n\t\t\t\t\t\t<div class=\"elementor-element elementor-element-d83d9c2 elementor-widget elementor-widget-heading\" data-id=\"d83d9c2\" data-element_type=\"widget\" data-widget_type=\"heading.default\">\n\t\t\t\t<div class=\"elementor-widget-container\">\n\t\t\t\t\t<h2 class=\"elementor-heading-title elementor-size-default\">Pricing<\/h2>\t\t\t\t<\/div>\n\t\t\t\t<\/div>\n\t\t\t\t<div class=\"elementor-element elementor-element-4c994f5 elementor-widget elementor-widget-text-editor\" data-id=\"4c994f5\" data-element_type=\"widget\" data-widget_type=\"text-editor.default\">\n\t\t\t\t<div class=\"elementor-widget-container\">\n\t\t\t\t\t\t\t\t\t<figure><table style=\"height: 613px;\" width=\"424\"><tbody><tr><td>Room<\/td><td>Weekdays (Sunday-Friday)<\/td><td>Friday<\/td><td>Saturday<\/td><\/tr><tr><td>1 bedded room<\/td><td>155 PLN\/pok\u00f3j<\/td><td>160 PLN\/night<\/td><td>160 PLN\/night<\/td><\/tr><tr><td>2 bedded room<\/td><td>230 PLN\/night<\/td><td>240 PLN\/night<\/td><td>240 PLN\/night<\/td><\/tr><tr><td>3 bedded room<\/td><td>240 PLN\/night<\/td><td>260 PLN\/night<\/td><td>260 PLN\/night<\/td><\/tr><tr><td>4 bedded room<\/td><td>260 PLN\/night<\/td><td>270 PLN\/night<\/td><td>270 PLN\/night<\/td><\/tr><tr><td>4 bedded room STUDIO mode (2+2)<\/td><td>290 PLN\/night<\/td><td>300 PLN\/night<\/td><td>300 PLN\/night<\/td><\/tr><tr><td>5 bedded room STUDIO mode (2+3)<\/td><td>290 PLN\/night<\/td><td>350 PLN\/night<\/td><td>350 PLN\/night<\/td><\/tr><tr><td>2 level Apartament (2+3) (maximum 6 person)<\/td><td>350 PLN\/pok\u00f3j (30 PLN dostawka)<\/td><td>360 PLN\/pok\u00f3j<\/td><td>360 PLN\/pok\u00f3j<\/td><\/tr><tr><td>Breakfast<\/td><td>45 PLN\/dzie\u0144\/osoba<\/td><\/tr><\/tbody><\/table><\/figure>\t\t\t\t\t\t\t\t<\/div>\n\t\t\t\t<\/div>\n\t\t\t\t<div class=\"elementor-element elementor-element-6eb937f elementor-widget elementor-widget-text-editor\" data-id=\"6eb937f\" data-element_type=\"widget\" data-widget_type=\"text-editor.default\">\n\t\t\t\t<div class=\"elementor-widget-container\">\n\t\t\t\t\t\t\t\t\t<p>The prices include Vat taxes.<br \/>The prices do not include breakfast<br \/>* * * *<br \/>There\u2019s a posibility to negociate the price for groups over 2 nights<br \/>Special deals for groups !!!<br \/>* * * *<br \/>Additional bed for children under 7yo Free! Animals under 5kg Free. Above 5kg 25pln\/night<br \/>* * *<br \/>You can ask for a VAT invoice<br \/>* * * *<br \/>We offer complex and professional service for our guests  during the staying<br \/>Cracow and it\u2019s neigbourhood.<\/p><p><strong>We accept the Tourist Voucher!<\/strong><\/p>\t\t\t\t\t\t\t\t<\/div>\n\t\t\t\t<\/div>\n\t\t\t\t<div class=\"elementor-element elementor-element-4ddd9cd elementor-widget elementor-widget-image\" data-id=\"4ddd9cd\" data-element_type=\"widget\" data-widget_type=\"image.default\">\n\t\t\t\t<div class=\"elementor-widget-container\">\n\t\t\t\t\t\t\t\t\t\t\t\t\t\t\t<img fetchpriority=\"high\" decoding=\"async\" width=\"1000\" height=\"431\" src=\"https:\/\/pensjonatstanczyk.pl\/wp-content\/uploads\/2021\/09\/napis.png\" class=\"attachment-large size-large wp-image-85\" alt=\"\" srcset=\"https:\/\/pensjonatstanczyk.pl\/wp-content\/uploads\/2021\/09\/napis.png 1000w, https:\/\/pensjonatstanczyk.pl\/wp-content\/uploads\/2021\/09\/napis-300x129.png 300w, https:\/\/pensjonatstanczyk.pl\/wp-content\/uploads\/2021\/09\/napis-768x331.png 768w\" sizes=\"(max-width: 1000px) 100vw, 1000px\" \/>\t\t\t\t\t\t\t\t\t\t\t\t\t\t\t<\/div>\n\t\t\t\t<\/div>\n\t\t\t\t\t<\/div>\n\t\t<\/div>\n\t\t\t\t\t<\/div>\n\t\t<\/section>\n\t\t\t\t<\/div>","protected":false},"excerpt":{"rendered":"<p>Cennik ca\u0142oroczny Rodzaj Pokoju: W tygodniu (Niedziela-Pi\u0105tek) Pi\u0105tek Sobota pok\u00f3j 1-osobowy 155 PLN\/pok\u00f3j 160 PLN\/pok\u00f3j 160 PLN\/pok\u00f3j pok\u00f3j 2-osobowy 230 PLN\/pok\u00f3j 240 PLN\/pok\u00f3j 240 PLN\/pok\u00f3j pok\u00f3j 3-osobowy 240 PLN\/pok\u00f3j 260 PLN\/pok\u00f3j 260 PLN\/pok\u00f3j pok\u00f3j 4-osobowy 260 PLN\/pok\u00f3j 270 PLN\/pok\u00f3j 270 PLN\/pok\u00f3j pok\u00f3j 4-osobowy typ Studio 2+2 290 PLN\/pok\u00f3j 300 PLN\/pok\u00f3j 300 PLN\/pok\u00f3j pok\u00f3j 5-osobowy typ [&hellip;]<\/p>","protected":false},"author":1,"featured_media":0,"parent":0,"menu_order":0,"comment_status":"closed","ping_status":"closed","template":"","meta":{"ocean_post_layout":"","ocean_both_sidebars_style":"","ocean_both_sidebars_content_width":0,"ocean_both_sidebars_sidebars_width":0,"ocean_sidebar":"0","ocean_second_sidebar":"0","ocean_disable_margins":"enable","ocean_add_body_class":"","ocean_shortcode_before_top_bar":"","ocean_shortcode_after_top_bar":"","ocean_shortcode_before_header":"","ocean_shortcode_after_header":"","ocean_has_shortcode":"","ocean_shortcode_after_title":"","ocean_shortcode_before_footer_widgets":"","ocean_shortcode_after_footer_widgets":"","ocean_shortcode_before_footer_bottom":"","ocean_shortcode_after_footer_bottom":"","ocean_display_top_bar":"default","ocean_display_header":"default","ocean_header_style":"","ocean_center_header_left_menu":"0","ocean_custom_header_template":"0","ocean_custom_logo":0,"ocean_custom_retina_logo":0,"ocean_custom_logo_max_width":0,"ocean_custom_logo_tablet_max_width":0,"ocean_custom_logo_mobile_max_width":0,"ocean_custom_logo_max_height":0,"ocean_custom_logo_tablet_max_height":0,"ocean_custom_logo_mobile_max_height":0,"ocean_header_custom_menu":"0","ocean_menu_typo_font_family":"0","ocean_menu_typo_font_subset":"","ocean_menu_typo_font_size":0,"ocean_menu_typo_font_size_tablet":0,"ocean_menu_typo_font_size_mobile":0,"ocean_menu_typo_font_size_unit":"px","ocean_menu_typo_font_weight":"","ocean_menu_typo_font_weight_tablet":"","ocean_menu_typo_font_weight_mobile":"","ocean_menu_typo_transform":"","ocean_menu_typo_transform_tablet":"","ocean_menu_typo_transform_mobile":"","ocean_menu_typo_line_height":0,"ocean_menu_typo_line_height_tablet":0,"ocean_menu_typo_line_height_mobile":0,"ocean_menu_typo_line_height_unit":"","ocean_menu_typo_spacing":0,"ocean_menu_typo_spacing_tablet":0,"ocean_menu_typo_spacing_mobile":0,"ocean_menu_typo_spacing_unit":"","ocean_menu_link_color":"","ocean_menu_link_color_hover":"","ocean_menu_link_color_active":"","ocean_menu_link_background":"","ocean_menu_link_hover_background":"","ocean_menu_link_active_background":"","ocean_menu_social_links_bg":"","ocean_menu_social_hover_links_bg":"","ocean_menu_social_links_color":"","ocean_menu_social_hover_links_color":"","ocean_disable_title":"default","ocean_disable_heading":"default","ocean_post_title":"","ocean_post_subheading":"","ocean_post_title_style":"","ocean_post_title_background_color":"","ocean_post_title_background":0,"ocean_post_title_bg_image_position":"","ocean_post_title_bg_image_attachment":"","ocean_post_title_bg_image_repeat":"","ocean_post_title_bg_image_size":"","ocean_post_title_height":0,"ocean_post_title_bg_overlay":0.5,"ocean_post_title_bg_overlay_color":"","ocean_disable_breadcrumbs":"default","ocean_breadcrumbs_color":"","ocean_breadcrumbs_separator_color":"","ocean_breadcrumbs_links_color":"","ocean_breadcrumbs_links_hover_color":"","ocean_display_footer_widgets":"default","ocean_display_footer_bottom":"default","ocean_custom_footer_template":"0","footnotes":""},"_links":{"self":[{"href":"https:\/\/pensjonatstanczyk.pl\/en\/wp-json\/wp\/v2\/pages\/11"}],"collection":[{"href":"https:\/\/pensjonatstanczyk.pl\/en\/wp-json\/wp\/v2\/pages"}],"about":[{"href":"https:\/\/pensjonatstanczyk.pl\/en\/wp-json\/wp\/v2\/types\/page"}],"author":[{"embeddable":true,"href":"https:\/\/pensjonatstanczyk.pl\/en\/wp-json\/wp\/v2\/users\/1"}],"replies":[{"embeddable":true,"href":"https:\/\/pensjonatstanczyk.pl\/en\/wp-json\/wp\/v2\/comments?post=11"}],"version-history":[{"count":55,"href":"https:\/\/pensjonatstanczyk.pl\/en\/wp-json\/wp\/v2\/pages\/11\/revisions"}],"predecessor-version":[{"id":911,"href":"https:\/\/pensjonatstanczyk.pl\/en\/wp-json\/wp\/v2\/pages\/11\/revisions\/911"}],"wp:attachment":[{"href":"https:\/\/pensjonatstanczyk.pl\/en\/wp-json\/wp\/v2\/media?parent=11"}],"curies":[{"name":"wp","href":"https:\/\/api.w.org\/{rel}","templated":true}]}}