{"id":156,"date":"2021-12-13T14:05:21","date_gmt":"2021-12-13T14:05:21","guid":{"rendered":"https:\/\/pensjonatstanczyk.pl\/strona-glowna-english\/"},"modified":"2021-12-13T14:37:03","modified_gmt":"2021-12-13T14:37:03","slug":"strona-glowna-english","status":"publish","type":"page","link":"https:\/\/pensjonatstanczyk.pl\/en\/strona-glowna-english\/","title":{"rendered":"Home"},"content":{"rendered":"<div data-elementor-type=\"wp-page\" data-elementor-id=\"156\" class=\"elementor elementor-156\" data-elementor-post-type=\"page\">\n\t\t\t\t\t\t<section class=\"elementor-section elementor-top-section elementor-element elementor-element-6f048a26 elementor-section-height-min-height elementor-section-stretched elementor-section-boxed elementor-section-height-default elementor-section-items-middle\" data-id=\"6f048a26\" data-element_type=\"section\" data-settings=\"{&quot;stretch_section&quot;:&quot;section-stretched&quot;,&quot;background_background&quot;:&quot;video&quot;,&quot;background_video_link&quot;:&quot;https:\\\/\\\/pensjonatstanczyk.pl\\\/wp-content\\\/uploads\\\/2021\\\/09\\\/bg_slide.mp4&quot;,&quot;background_play_on_mobile&quot;:&quot;yes&quot;}\">\n\t\t\t\t\t\t\t\t<div class=\"elementor-background-video-container\">\n\t\t\t\t\t\t\t\t\t\t\t\t\t<video class=\"elementor-background-video-hosted\" autoplay muted playsinline loop><\/video>\n\t\t\t\t\t\t\t\t\t\t\t<\/div>\n\t\t\t\t\t\t\t\t\t<div class=\"elementor-background-overlay\"><\/div>\n\t\t\t\t\t\t\t<div class=\"elementor-container elementor-column-gap-default\">\n\t\t\t\t\t<div class=\"elementor-column elementor-col-100 elementor-top-column elementor-element elementor-element-4f76eac0\" data-id=\"4f76eac0\" data-element_type=\"column\">\n\t\t\t<div class=\"elementor-widget-wrap elementor-element-populated\">\n\t\t\t\t\t\t<div class=\"elementor-element elementor-element-fa6f101 elementor-hidden-mobile elementor-widget elementor-widget-image\" data-id=\"fa6f101\" data-element_type=\"widget\" data-widget_type=\"image.default\">\n\t\t\t\t<div class=\"elementor-widget-container\">\n\t\t\t\t\t\t\t\t\t\t\t\t\t\t\t<img decoding=\"async\" width=\"93\" height=\"73\" src=\"https:\/\/pensjonatstanczyk.pl\/wp-content\/uploads\/2021\/09\/hat.png\" class=\"attachment-large size-large wp-image-58\" alt=\"\" \/>\t\t\t\t\t\t\t\t\t\t\t\t\t\t\t<\/div>\n\t\t\t\t<\/div>\n\t\t\t\t<div class=\"elementor-element elementor-element-1813818b elementor-widget elementor-widget-heading\" data-id=\"1813818b\" data-element_type=\"widget\" data-widget_type=\"heading.default\">\n\t\t\t\t<div class=\"elementor-widget-container\">\n\t\t\t\t\t<h2 class=\"elementor-heading-title elementor-size-default\"><strong>Pension<\/strong> Sta\u0144czyk<\/h2>\t\t\t\t<\/div>\n\t\t\t\t<\/div>\n\t\t\t\t<div class=\"elementor-element elementor-element-74b73963 elementor-widget elementor-widget-heading\" data-id=\"74b73963\" data-element_type=\"widget\" data-widget_type=\"heading.default\">\n\t\t\t\t<div class=\"elementor-widget-container\">\n\t\t\t\t\t<h2 class=\"elementor-heading-title elementor-size-default\">cheap accommodation <strong>Cracow<\/strong><\/h2>\t\t\t\t<\/div>\n\t\t\t\t<\/div>\n\t\t\t\t<div class=\"elementor-element elementor-element-70774b59 elementor-view-default elementor-widget elementor-widget-icon\" data-id=\"70774b59\" data-element_type=\"widget\" data-widget_type=\"icon.default\">\n\t\t\t\t<div class=\"elementor-widget-container\">\n\t\t\t\t\t\t\t<div class=\"elementor-icon-wrapper\">\n\t\t\t<a class=\"elementor-icon elementor-animation-float\" href=\"#1\">\n\t\t\t<svg xmlns=\"http:\/\/www.w3.org\/2000\/svg\" xmlns:xlink=\"http:\/\/www.w3.org\/1999\/xlink\" id=\"Capa_1\" x=\"0px\" y=\"0px\" viewbox=\"0 0 480 480\" style=\"enable-background:new 0 0 480 480;\" xml:space=\"preserve\"><g>\t<g>\t\t<g>\t\t\t<path d=\"M240,0C107.452,0,0,107.452,0,240s107.452,240,240,240c132.486-0.15,239.85-107.514,240-240C480,107.452,372.548,0,240,0     z M240,464C116.288,464,16,363.712,16,240S116.288,16,240,16c123.653,0.141,223.859,100.347,224,224     C464,363.712,363.712,464,240,464z\"><\/path>\t\t\t<path d=\"M370.112,170.576L240,300.688L109.888,170.576c-3.1-2.994-8.015-2.994-11.115,0c-3.178,3.069-3.266,8.134-0.197,11.312     l135.768,135.768c1.5,1.5,3.534,2.344,5.656,2.344c2.122,0,4.156-0.844,5.656-2.344l135.768-135.768     c0.067-0.064,0.132-0.13,0.196-0.196c3.069-3.178,2.982-8.242-0.196-11.312C378.246,167.31,373.182,167.398,370.112,170.576z\"><\/path>\t\t<\/g>\t<\/g><\/g><g><\/g><g><\/g><g><\/g><g><\/g><g><\/g><g><\/g><g><\/g><g><\/g><g><\/g><g><\/g><g><\/g><g><\/g><g><\/g><g><\/g><g><\/g><\/svg>\t\t\t<\/a>\n\t\t<\/div>\n\t\t\t\t\t\t<\/div>\n\t\t\t\t<\/div>\n\t\t\t\t\t<\/div>\n\t\t<\/div>\n\t\t\t\t\t<\/div>\n\t\t<\/section>\n\t\t\t\t<section class=\"elementor-section elementor-top-section elementor-element elementor-element-61dc0c82 elementor-section-boxed elementor-section-height-default elementor-section-height-default\" data-id=\"61dc0c82\" data-element_type=\"section\" id=\"1\">\n\t\t\t\t\t\t<div class=\"elementor-container elementor-column-gap-default\">\n\t\t\t\t\t<div class=\"elementor-column elementor-col-100 elementor-top-column elementor-element elementor-element-6044e8de\" data-id=\"6044e8de\" data-element_type=\"column\">\n\t\t\t<div class=\"elementor-widget-wrap elementor-element-populated\">\n\t\t\t\t\t\t<div class=\"elementor-element elementor-element-6e7627b elementor-widget elementor-widget-heading\" data-id=\"6e7627b\" data-element_type=\"widget\" data-widget_type=\"heading.default\">\n\t\t\t\t<div class=\"elementor-widget-container\">\n\t\t\t\t\t<h2 class=\"elementor-heading-title elementor-size-default\"><strong>Sta\u0144czyk Pension CRACOW<\/strong>  - apartments, cheap accommodation<\/h2>\t\t\t\t<\/div>\n\t\t\t\t<\/div>\n\t\t\t\t<div class=\"elementor-element elementor-element-3a8804c7 elementor-widget elementor-widget-text-editor\" data-id=\"3a8804c7\" data-element_type=\"widget\" data-widget_type=\"text-editor.default\">\n\t\t\t\t<div class=\"elementor-widget-container\">\n\t\t\t\t\t\t\t\t\t<p>Sta\u0144czyk Pension \u2013 one of the most cosy accomodation between hostels and apartments in Cracow<br \/>We invite You to our pension Sta\u0144czyk \u2013 nice and cheap accommodation in Krakow. We offer you 40 places in 1,2,3,4,6,8 bedded rooms with bathrooms. The Sta\u0144czyk Pension is at the Kalwaryjska street in a historical district of Cracow called Podg\u00f3rze. The history of this district is undividedly connected with the extermination of Krakow Jews. Our pension is situated nearby Kazimierz the centre of Jewish culture and the Wawel Hill with the Royal Castle.<\/p>\t\t\t\t\t\t\t\t<\/div>\n\t\t\t\t<\/div>\n\t\t\t\t<div class=\"elementor-element elementor-element-60acb80b elementor-align-center elementor-widget elementor-widget-button\" data-id=\"60acb80b\" data-element_type=\"widget\" data-widget_type=\"button.default\">\n\t\t\t\t<div class=\"elementor-widget-container\">\n\t\t\t\t\t\t\t\t\t<div class=\"elementor-button-wrapper\">\n\t\t\t\t\t<a class=\"elementor-button elementor-button-link elementor-size-sm\" href=\"https:\/\/pensjonatstanczyk.pl\/en\/reservation\/\">\n\t\t\t\t\t\t<span class=\"elementor-button-content-wrapper\">\n\t\t\t\t\t\t<span class=\"elementor-button-icon\">\n\t\t\t\t<i aria-hidden=\"true\" class=\"fas fa-bell\"><\/i>\t\t\t<\/span>\n\t\t\t\t\t\t\t\t\t<span class=\"elementor-button-text\">Reservation<\/span>\n\t\t\t\t\t<\/span>\n\t\t\t\t\t<\/a>\n\t\t\t\t<\/div>\n\t\t\t\t\t\t\t\t<\/div>\n\t\t\t\t<\/div>\n\t\t\t\t\t<\/div>\n\t\t<\/div>\n\t\t\t\t\t<\/div>\n\t\t<\/section>\n\t\t\t\t<section class=\"elementor-section elementor-top-section elementor-element elementor-element-71e42018 elementor-section-content-middle elementor-section-boxed elementor-section-height-default elementor-section-height-default\" data-id=\"71e42018\" data-element_type=\"section\">\n\t\t\t\t\t\t<div class=\"elementor-container elementor-column-gap-default\">\n\t\t\t\t\t<div class=\"elementor-column elementor-col-50 elementor-top-column elementor-element elementor-element-39b0d2c1\" data-id=\"39b0d2c1\" data-element_type=\"column\">\n\t\t\t<div class=\"elementor-widget-wrap elementor-element-populated\">\n\t\t\t\t\t\t<div class=\"elementor-element elementor-element-6e9b65f7 elementor-widget elementor-widget-image\" data-id=\"6e9b65f7\" data-element_type=\"widget\" data-widget_type=\"image.default\">\n\t\t\t\t<div class=\"elementor-widget-container\">\n\t\t\t\t\t\t\t\t\t\t\t\t\t\t\t<img fetchpriority=\"high\" decoding=\"async\" width=\"1024\" height=\"682\" src=\"https:\/\/pensjonatstanczyk.pl\/wp-content\/uploads\/2021\/09\/church-of-st-1024x682.jpg\" class=\"elementor-animation-grow attachment-large size-large wp-image-63\" alt=\"Church of St\" srcset=\"https:\/\/pensjonatstanczyk.pl\/wp-content\/uploads\/2021\/09\/church-of-st-1024x682.jpg 1024w, https:\/\/pensjonatstanczyk.pl\/wp-content\/uploads\/2021\/09\/church-of-st-300x200.jpg 300w, https:\/\/pensjonatstanczyk.pl\/wp-content\/uploads\/2021\/09\/church-of-st-768x512.jpg 768w, https:\/\/pensjonatstanczyk.pl\/wp-content\/uploads\/2021\/09\/church-of-st-1536x1024.jpg 1536w, https:\/\/pensjonatstanczyk.pl\/wp-content\/uploads\/2021\/09\/church-of-st.jpg 2000w\" sizes=\"(max-width: 1024px) 100vw, 1024px\" \/>\t\t\t\t\t\t\t\t\t\t\t\t\t\t\t<\/div>\n\t\t\t\t<\/div>\n\t\t\t\t<div class=\"elementor-element elementor-element-3f9dfc36 elementor-widget elementor-widget-image\" data-id=\"3f9dfc36\" data-element_type=\"widget\" data-widget_type=\"image.default\">\n\t\t\t\t<div class=\"elementor-widget-container\">\n\t\t\t\t\t\t\t\t\t\t\t\t\t\t\t<img decoding=\"async\" width=\"1024\" height=\"634\" src=\"https:\/\/pensjonatstanczyk.pl\/wp-content\/uploads\/2021\/09\/aerial-view-of-wawel-castle-in-krakow-poland-1024x634.jpg\" class=\"elementor-animation-grow attachment-large size-large wp-image-64\" alt=\"Aerial view of Wawel Castle in Krakow, Poland\" srcset=\"https:\/\/pensjonatstanczyk.pl\/wp-content\/uploads\/2021\/09\/aerial-view-of-wawel-castle-in-krakow-poland-1024x634.jpg 1024w, https:\/\/pensjonatstanczyk.pl\/wp-content\/uploads\/2021\/09\/aerial-view-of-wawel-castle-in-krakow-poland-300x186.jpg 300w, https:\/\/pensjonatstanczyk.pl\/wp-content\/uploads\/2021\/09\/aerial-view-of-wawel-castle-in-krakow-poland-768x475.jpg 768w, https:\/\/pensjonatstanczyk.pl\/wp-content\/uploads\/2021\/09\/aerial-view-of-wawel-castle-in-krakow-poland-1536x951.jpg 1536w, https:\/\/pensjonatstanczyk.pl\/wp-content\/uploads\/2021\/09\/aerial-view-of-wawel-castle-in-krakow-poland.jpg 2000w\" sizes=\"(max-width: 1024px) 100vw, 1024px\" \/>\t\t\t\t\t\t\t\t\t\t\t\t\t\t\t<\/div>\n\t\t\t\t<\/div>\n\t\t\t\t\t<\/div>\n\t\t<\/div>\n\t\t\t\t<div class=\"elementor-column elementor-col-50 elementor-top-column elementor-element elementor-element-26c705d8\" data-id=\"26c705d8\" data-element_type=\"column\">\n\t\t\t<div class=\"elementor-widget-wrap elementor-element-populated\">\n\t\t\t\t\t\t<div class=\"elementor-element elementor-element-7886c0c0 elementor-widget elementor-widget-heading\" data-id=\"7886c0c0\" data-element_type=\"widget\" data-widget_type=\"heading.default\">\n\t\t\t\t<div class=\"elementor-widget-container\">\n\t\t\t\t\t<h2 class=\"elementor-heading-title elementor-size-default\"><strong> why is it worth <\/strong> to choose us?<\/h2>\t\t\t\t<\/div>\n\t\t\t\t<\/div>\n\t\t\t\t<div class=\"elementor-element elementor-element-9afd40f elementor-widget elementor-widget-text-editor\" data-id=\"9afd40f\" data-element_type=\"widget\" data-widget_type=\"text-editor.default\">\n\t\t\t\t<div class=\"elementor-widget-container\">\n\t\t\t\t\t\t\t\t\t<p>Close to the pension there are two 24 hours watched parking places. One of them is located vis-\u00e0-vis the pension and the another one is about 150 m from us.<br \/>There\u2019s a posibility to have a meal in a local nice bar , where you can get\u201d home \u2013 made\u201d dishes, or visit OGNIEM I MIECZEM- restaurant famouse for old , Polish , traditional kitchen and the unique atmosphere . It\u2019s only 150 m from the hotel and worth to come and see.<\/p>\t\t\t\t\t\t\t\t<\/div>\n\t\t\t\t<\/div>\n\t\t\t\t\t<\/div>\n\t\t<\/div>\n\t\t\t\t\t<\/div>\n\t\t<\/section>\n\t\t\t\t<section class=\"elementor-section elementor-top-section elementor-element elementor-element-7dc1d3b7 elementor-section-full_width elementor-section-stretched elementor-section-height-default elementor-section-height-default\" data-id=\"7dc1d3b7\" data-element_type=\"section\" data-settings=\"{&quot;stretch_section&quot;:&quot;section-stretched&quot;}\">\n\t\t\t\t\t\t<div class=\"elementor-container elementor-column-gap-no\">\n\t\t\t\t\t<div class=\"elementor-column elementor-col-100 elementor-top-column elementor-element elementor-element-2f630465\" data-id=\"2f630465\" data-element_type=\"column\">\n\t\t\t<div class=\"elementor-widget-wrap elementor-element-populated\">\n\t\t\t\t\t\t<div class=\"elementor-element elementor-element-3f85f341 elementor-widget elementor-widget-gallery\" data-id=\"3f85f341\" data-element_type=\"widget\" data-settings=\"{&quot;columns&quot;:5,&quot;columns_mobile&quot;:2,&quot;gap&quot;:{&quot;unit&quot;:&quot;px&quot;,&quot;size&quot;:0,&quot;sizes&quot;:[]},&quot;gap_mobile&quot;:{&quot;unit&quot;:&quot;px&quot;,&quot;size&quot;:0,&quot;sizes&quot;:[]},&quot;aspect_ratio&quot;:&quot;1:1&quot;,&quot;lazyload&quot;:&quot;yes&quot;,&quot;gallery_layout&quot;:&quot;grid&quot;,&quot;columns_tablet&quot;:2,&quot;gap_tablet&quot;:{&quot;unit&quot;:&quot;px&quot;,&quot;size&quot;:10,&quot;sizes&quot;:[]},&quot;link_to&quot;:&quot;file&quot;,&quot;overlay_background&quot;:&quot;yes&quot;,&quot;content_hover_animation&quot;:&quot;fade-in&quot;}\" data-widget_type=\"gallery.default\">\n\t\t\t\t<div class=\"elementor-widget-container\">\n\t\t\t\t\t\t\t<div class=\"elementor-gallery__container\">\n\t\t\t\t\t\t\t<a class=\"e-gallery-item elementor-gallery-item elementor-animated-content\" href=\"https:\/\/pensjonatstanczyk.pl\/wp-content\/uploads\/2021\/09\/apartament-pokoj3.jpg\" data-elementor-open-lightbox=\"yes\" data-elementor-lightbox-slideshow=\"3f85f341\" data-elementor-lightbox-title=\"apartament pokoj3\" data-e-action-hash=\"#elementor-action%3Aaction%3Dlightbox%26settings%3DeyJpZCI6NjUsInVybCI6Imh0dHBzOlwvXC9wZW5zam9uYXRzdGFuY3p5ay5wbFwvd3AtY29udGVudFwvdXBsb2Fkc1wvMjAyMVwvMDlcL2FwYXJ0YW1lbnQtcG9rb2ozLmpwZyIsInNsaWRlc2hvdyI6IjNmODVmMzQxIn0%3D\">\n\t\t\t\t\t<div class=\"e-gallery-image elementor-gallery-item__image\" data-thumbnail=\"https:\/\/pensjonatstanczyk.pl\/wp-content\/uploads\/2021\/09\/apartament-pokoj3-768x512.jpg\" data-width=\"768\" data-height=\"512\" aria-label=\"\" role=\"img\" ><\/div>\n\t\t\t\t\t\t\t\t\t\t\t<div class=\"elementor-gallery-item__overlay\"><\/div>\n\t\t\t\t\t\t\t\t\t\t\t\t\t\t<\/a>\n\t\t\t\t\t\t\t<a class=\"e-gallery-item elementor-gallery-item elementor-animated-content\" href=\"https:\/\/pensjonatstanczyk.pl\/wp-content\/uploads\/2021\/09\/apartament.jpg\" data-elementor-open-lightbox=\"yes\" data-elementor-lightbox-slideshow=\"3f85f341\" data-elementor-lightbox-title=\"apartament\" data-e-action-hash=\"#elementor-action%3Aaction%3Dlightbox%26settings%3DeyJpZCI6NjYsInVybCI6Imh0dHBzOlwvXC9wZW5zam9uYXRzdGFuY3p5ay5wbFwvd3AtY29udGVudFwvdXBsb2Fkc1wvMjAyMVwvMDlcL2FwYXJ0YW1lbnQuanBnIiwic2xpZGVzaG93IjoiM2Y4NWYzNDEifQ%3D%3D\">\n\t\t\t\t\t<div class=\"e-gallery-image elementor-gallery-item__image\" data-thumbnail=\"https:\/\/pensjonatstanczyk.pl\/wp-content\/uploads\/2021\/09\/apartament-768x512.jpg\" data-width=\"768\" data-height=\"512\" aria-label=\"\" role=\"img\" ><\/div>\n\t\t\t\t\t\t\t\t\t\t\t<div class=\"elementor-gallery-item__overlay\"><\/div>\n\t\t\t\t\t\t\t\t\t\t\t\t\t\t<\/a>\n\t\t\t\t\t\t\t<a class=\"e-gallery-item elementor-gallery-item elementor-animated-content\" href=\"https:\/\/pensjonatstanczyk.pl\/wp-content\/uploads\/2021\/09\/2-pokoj-apartament.jpg\" data-elementor-open-lightbox=\"yes\" data-elementor-lightbox-slideshow=\"3f85f341\" data-elementor-lightbox-title=\"2 pokoj apartament\" data-e-action-hash=\"#elementor-action%3Aaction%3Dlightbox%26settings%3DeyJpZCI6NjcsInVybCI6Imh0dHBzOlwvXC9wZW5zam9uYXRzdGFuY3p5ay5wbFwvd3AtY29udGVudFwvdXBsb2Fkc1wvMjAyMVwvMDlcLzItcG9rb2otYXBhcnRhbWVudC5qcGciLCJzbGlkZXNob3ciOiIzZjg1ZjM0MSJ9\">\n\t\t\t\t\t<div class=\"e-gallery-image elementor-gallery-item__image\" data-thumbnail=\"https:\/\/pensjonatstanczyk.pl\/wp-content\/uploads\/2021\/09\/2-pokoj-apartament-768x512.jpg\" data-width=\"768\" data-height=\"512\" aria-label=\"\" role=\"img\" ><\/div>\n\t\t\t\t\t\t\t\t\t\t\t<div class=\"elementor-gallery-item__overlay\"><\/div>\n\t\t\t\t\t\t\t\t\t\t\t\t\t\t<\/a>\n\t\t\t\t\t\t\t<a class=\"e-gallery-item elementor-gallery-item elementor-animated-content\" href=\"https:\/\/pensjonatstanczyk.pl\/wp-content\/uploads\/2021\/09\/pokoj-2-osobowy-2.jpg\" data-elementor-open-lightbox=\"yes\" data-elementor-lightbox-slideshow=\"3f85f341\" data-elementor-lightbox-title=\"pokoj 2 osobowy 2\" data-e-action-hash=\"#elementor-action%3Aaction%3Dlightbox%26settings%3DeyJpZCI6NjgsInVybCI6Imh0dHBzOlwvXC9wZW5zam9uYXRzdGFuY3p5ay5wbFwvd3AtY29udGVudFwvdXBsb2Fkc1wvMjAyMVwvMDlcL3Bva29qLTItb3NvYm93eS0yLmpwZyIsInNsaWRlc2hvdyI6IjNmODVmMzQxIn0%3D\">\n\t\t\t\t\t<div class=\"e-gallery-image elementor-gallery-item__image\" data-thumbnail=\"https:\/\/pensjonatstanczyk.pl\/wp-content\/uploads\/2021\/09\/pokoj-2-osobowy-2-768x512.jpg\" data-width=\"768\" data-height=\"512\" aria-label=\"\" role=\"img\" ><\/div>\n\t\t\t\t\t\t\t\t\t\t\t<div class=\"elementor-gallery-item__overlay\"><\/div>\n\t\t\t\t\t\t\t\t\t\t\t\t\t\t<\/a>\n\t\t\t\t\t\t\t<a class=\"e-gallery-item elementor-gallery-item elementor-animated-content\" href=\"https:\/\/pensjonatstanczyk.pl\/wp-content\/uploads\/2021\/09\/hol.jpg\" data-elementor-open-lightbox=\"yes\" data-elementor-lightbox-slideshow=\"3f85f341\" data-elementor-lightbox-title=\"hol\" data-e-action-hash=\"#elementor-action%3Aaction%3Dlightbox%26settings%3DeyJpZCI6NjksInVybCI6Imh0dHBzOlwvXC9wZW5zam9uYXRzdGFuY3p5ay5wbFwvd3AtY29udGVudFwvdXBsb2Fkc1wvMjAyMVwvMDlcL2hvbC5qcGciLCJzbGlkZXNob3ciOiIzZjg1ZjM0MSJ9\">\n\t\t\t\t\t<div class=\"e-gallery-image elementor-gallery-item__image\" data-thumbnail=\"https:\/\/pensjonatstanczyk.pl\/wp-content\/uploads\/2021\/09\/hol-768x512.jpg\" data-width=\"768\" data-height=\"512\" aria-label=\"\" role=\"img\" ><\/div>\n\t\t\t\t\t\t\t\t\t\t\t<div class=\"elementor-gallery-item__overlay\"><\/div>\n\t\t\t\t\t\t\t\t\t\t\t\t\t\t<\/a>\n\t\t\t\t\t<\/div>\n\t\t\t\t\t<\/div>\n\t\t\t\t<\/div>\n\t\t\t\t\t<\/div>\n\t\t<\/div>\n\t\t\t\t\t<\/div>\n\t\t<\/section>\n\t\t\t\t<section class=\"elementor-section elementor-top-section elementor-element elementor-element-22d35135 elementor-section-boxed elementor-section-height-default elementor-section-height-default\" data-id=\"22d35135\" data-element_type=\"section\">\n\t\t\t\t\t\t<div class=\"elementor-container elementor-column-gap-default\">\n\t\t\t\t\t<div class=\"elementor-column elementor-col-100 elementor-top-column elementor-element elementor-element-5dde1386\" data-id=\"5dde1386\" data-element_type=\"column\">\n\t\t\t<div class=\"elementor-widget-wrap elementor-element-populated\">\n\t\t\t\t\t\t<div class=\"elementor-element elementor-element-388af42c elementor-widget elementor-widget-heading\" data-id=\"388af42c\" data-element_type=\"widget\" data-widget_type=\"heading.default\">\n\t\t\t\t<div class=\"elementor-widget-container\">\n\t\t\t\t\t<h2 class=\"elementor-heading-title elementor-size-default\"><strong>\u201eSTA\u0143CZYK\u201d<\/strong> - The King of buffoons \u2026 The Buffooon of kings \u2026\n<\/h2>\t\t\t\t<\/div>\n\t\t\t\t<\/div>\n\t\t\t\t<div class=\"elementor-element elementor-element-2ccc7e93 elementor-widget elementor-widget-text-editor\" data-id=\"2ccc7e93\" data-element_type=\"widget\" data-widget_type=\"text-editor.default\">\n\t\t\t\t<div class=\"elementor-widget-container\">\n\t\t\t\t\t\t\t\t\t<p>In a huge galery of a historical polish personage one of the most interesting was Sta\u0144czyk. He was propably born in 1480 and died in 1560. He was the most famous court jester in Polsh history. He was employed by three polish kings: Aleksander Jagiellonian, Zygmunt I the Old and Zygmunt II August. Some historians suppose that \u201eStanczyk\u201d was a diminutive of \u201eStanis\u0142aw G\u0105ska\u201d the jester\u2019s true name. Others however maintain that G\u0105ska was in fact Sta\u0144czyk\u2019s less talented collegue. He is remembered as a man of great inteligence and a political philosopher. He used his job to criticize and warn his contemporaries by the use of satire. His witty jokes often pertained to current political or court matters.<\/p><p>He was an inspiration for the poets, painters and kings \u2026<\/p>\t\t\t\t\t\t\t\t<\/div>\n\t\t\t\t<\/div>\n\t\t\t\t<div class=\"elementor-element elementor-element-42736bd8 elementor-align-center elementor-widget elementor-widget-button\" data-id=\"42736bd8\" data-element_type=\"widget\" data-widget_type=\"button.default\">\n\t\t\t\t<div class=\"elementor-widget-container\">\n\t\t\t\t\t\t\t\t\t<div class=\"elementor-button-wrapper\">\n\t\t\t\t\t<a class=\"elementor-button elementor-button-link elementor-size-sm\" href=\"https:\/\/pensjonatstanczyk.pl\/en\/rooms\/\">\n\t\t\t\t\t\t<span class=\"elementor-button-content-wrapper\">\n\t\t\t\t\t\t<span class=\"elementor-button-icon\">\n\t\t\t\t<i aria-hidden=\"true\" class=\"fas fa-long-arrow-alt-right\"><\/i>\t\t\t<\/span>\n\t\t\t\t\t\t\t\t\t<span class=\"elementor-button-text\">our rooms<\/span>\n\t\t\t\t\t<\/span>\n\t\t\t\t\t<\/a>\n\t\t\t\t<\/div>\n\t\t\t\t\t\t\t\t<\/div>\n\t\t\t\t<\/div>\n\t\t\t\t\t<\/div>\n\t\t<\/div>\n\t\t\t\t\t<\/div>\n\t\t<\/section>\n\t\t\t\t<section class=\"elementor-section elementor-top-section elementor-element elementor-element-60eecf7 elementor-section-full_width elementor-section-stretched elementor-section-height-default elementor-section-height-default\" data-id=\"60eecf7\" data-element_type=\"section\" data-settings=\"{&quot;stretch_section&quot;:&quot;section-stretched&quot;}\">\n\t\t\t\t\t\t<div class=\"elementor-container elementor-column-gap-no\">\n\t\t\t\t\t<div class=\"elementor-column elementor-col-100 elementor-top-column elementor-element elementor-element-ac2fd7e\" data-id=\"ac2fd7e\" data-element_type=\"column\">\n\t\t\t<div class=\"elementor-widget-wrap elementor-element-populated\">\n\t\t\t\t\t\t<div class=\"elementor-element elementor-element-4bff0498 elementor-widget elementor-widget-google_maps\" data-id=\"4bff0498\" data-element_type=\"widget\" data-widget_type=\"google_maps.default\">\n\t\t\t\t<div class=\"elementor-widget-container\">\n\t\t\t\t\t\t\t<div class=\"elementor-custom-embed\">\n\t\t\t<iframe loading=\"lazy\"\n\t\t\t\t\tsrc=\"https:\/\/maps.google.com\/maps?q=ul.%20Kalwaryjska%2016%20krak%C3%B3w&#038;t=m&#038;z=14&#038;output=embed&#038;iwloc=near\"\n\t\t\t\t\ttitle=\"ul. Kalwaryjska 16 krak\u00f3w\"\n\t\t\t\t\taria-label=\"ul. Kalwaryjska 16 krak\u00f3w\"\n\t\t\t><\/iframe>\n\t\t<\/div>\n\t\t\t\t\t\t<\/div>\n\t\t\t\t<\/div>\n\t\t\t\t\t<\/div>\n\t\t<\/div>\n\t\t\t\t\t<\/div>\n\t\t<\/section>\n\t\t\t\t<\/div>","protected":false},"excerpt":{"rendered":"<p>Pension Sta\u0144czyk cheap accommodation Cracow Sta\u0144czyk Pension CRACOW &#8211; apartments, cheap accommodation Sta\u0144czyk Pension \u2013 one of the most cosy accomodation between hostels and apartments in CracowWe invite You to our pension Sta\u0144czyk \u2013 nice and cheap accommodation in Krakow. We offer you 40 places in 1,2,3,4,6,8 bedded rooms with bathrooms. The Sta\u0144czyk Pension is [&hellip;]<\/p>","protected":false},"author":1,"featured_media":0,"parent":0,"menu_order":0,"comment_status":"closed","ping_status":"closed","template":"","meta":{"ocean_post_layout":"","ocean_both_sidebars_style":"","ocean_both_sidebars_content_width":0,"ocean_both_sidebars_sidebars_width":0,"ocean_sidebar":"0","ocean_second_sidebar":"0","ocean_disable_margins":"enable","ocean_add_body_class":"","ocean_shortcode_before_top_bar":"","ocean_shortcode_after_top_bar":"","ocean_shortcode_before_header":"","ocean_shortcode_after_header":"","ocean_has_shortcode":"","ocean_shortcode_after_title":"","ocean_shortcode_before_footer_widgets":"","ocean_shortcode_after_footer_widgets":"","ocean_shortcode_before_footer_bottom":"","ocean_shortcode_after_footer_bottom":"","ocean_display_top_bar":"default","ocean_display_header":"default","ocean_header_style":"","ocean_center_header_left_menu":"0","ocean_custom_header_template":"0","ocean_custom_logo":0,"ocean_custom_retina_logo":0,"ocean_custom_logo_max_width":0,"ocean_custom_logo_tablet_max_width":0,"ocean_custom_logo_mobile_max_width":0,"ocean_custom_logo_max_height":0,"ocean_custom_logo_tablet_max_height":0,"ocean_custom_logo_mobile_max_height":0,"ocean_header_custom_menu":"0","ocean_menu_typo_font_family":"0","ocean_menu_typo_font_subset":"","ocean_menu_typo_font_size":0,"ocean_menu_typo_font_size_tablet":0,"ocean_menu_typo_font_size_mobile":0,"ocean_menu_typo_font_size_unit":"px","ocean_menu_typo_font_weight":"","ocean_menu_typo_font_weight_tablet":"","ocean_menu_typo_font_weight_mobile":"","ocean_menu_typo_transform":"","ocean_menu_typo_transform_tablet":"","ocean_menu_typo_transform_mobile":"","ocean_menu_typo_line_height":0,"ocean_menu_typo_line_height_tablet":0,"ocean_menu_typo_line_height_mobile":0,"ocean_menu_typo_line_height_unit":"","ocean_menu_typo_spacing":0,"ocean_menu_typo_spacing_tablet":0,"ocean_menu_typo_spacing_mobile":0,"ocean_menu_typo_spacing_unit":"","ocean_menu_link_color":"","ocean_menu_link_color_hover":"","ocean_menu_link_color_active":"","ocean_menu_link_background":"","ocean_menu_link_hover_background":"","ocean_menu_link_active_background":"","ocean_menu_social_links_bg":"","ocean_menu_social_hover_links_bg":"","ocean_menu_social_links_color":"","ocean_menu_social_hover_links_color":"","ocean_disable_title":"default","ocean_disable_heading":"default","ocean_post_title":"","ocean_post_subheading":"","ocean_post_title_style":"","ocean_post_title_background_color":"","ocean_post_title_background":0,"ocean_post_title_bg_image_position":"","ocean_post_title_bg_image_attachment":"","ocean_post_title_bg_image_repeat":"","ocean_post_title_bg_image_size":"","ocean_post_title_height":0,"ocean_post_title_bg_overlay":0.5,"ocean_post_title_bg_overlay_color":"","ocean_disable_breadcrumbs":"default","ocean_breadcrumbs_color":"","ocean_breadcrumbs_separator_color":"","ocean_breadcrumbs_links_color":"","ocean_breadcrumbs_links_hover_color":"","ocean_display_footer_widgets":"default","ocean_display_footer_bottom":"default","ocean_custom_footer_template":"0","footnotes":""},"_links":{"self":[{"href":"https:\/\/pensjonatstanczyk.pl\/en\/wp-json\/wp\/v2\/pages\/156"}],"collection":[{"href":"https:\/\/pensjonatstanczyk.pl\/en\/wp-json\/wp\/v2\/pages"}],"about":[{"href":"https:\/\/pensjonatstanczyk.pl\/en\/wp-json\/wp\/v2\/types\/page"}],"author":[{"embeddable":true,"href":"https:\/\/pensjonatstanczyk.pl\/en\/wp-json\/wp\/v2\/users\/1"}],"replies":[{"embeddable":true,"href":"https:\/\/pensjonatstanczyk.pl\/en\/wp-json\/wp\/v2\/comments?post=156"}],"version-history":[{"count":10,"href":"https:\/\/pensjonatstanczyk.pl\/en\/wp-json\/wp\/v2\/pages\/156\/revisions"}],"predecessor-version":[{"id":232,"href":"https:\/\/pensjonatstanczyk.pl\/en\/wp-json\/wp\/v2\/pages\/156\/revisions\/232"}],"wp:attachment":[{"href":"https:\/\/pensjonatstanczyk.pl\/en\/wp-json\/wp\/v2\/media?parent=156"}],"curies":[{"name":"wp","href":"https:\/\/api.w.org\/{rel}","templated":true}]}}