{"id":17,"date":"2021-09-17T06:58:33","date_gmt":"2021-09-17T06:58:33","guid":{"rendered":"https:\/\/pensjonatstanczyk.pl\/?page_id=17"},"modified":"2022-10-11T18:11:57","modified_gmt":"2022-10-11T18:11:57","slug":"kontakt","status":"publish","type":"page","link":"https:\/\/pensjonatstanczyk.pl\/en\/kontakt\/","title":{"rendered":"Contact"},"content":{"rendered":"<div data-elementor-type=\"wp-page\" data-elementor-id=\"17\" class=\"elementor elementor-17\" data-elementor-post-type=\"page\">\n\t\t\t\t\t\t<section class=\"elementor-section elementor-top-section elementor-element elementor-element-f477adc elementor-section-boxed elementor-section-height-default elementor-section-height-default\" data-id=\"f477adc\" data-element_type=\"section\">\n\t\t\t\t\t\t<div class=\"elementor-container elementor-column-gap-default\">\n\t\t\t\t\t<div class=\"elementor-column elementor-col-100 elementor-top-column elementor-element elementor-element-e94ce95\" data-id=\"e94ce95\" data-element_type=\"column\">\n\t\t\t<div class=\"elementor-widget-wrap elementor-element-populated\">\n\t\t\t\t\t\t<div class=\"elementor-element elementor-element-f794c4f elementor-widget elementor-widget-heading\" data-id=\"f794c4f\" data-element_type=\"widget\" data-widget_type=\"heading.default\">\n\t\t\t\t<div class=\"elementor-widget-container\">\n\t\t\t\t\t<h2 class=\"elementor-heading-title elementor-size-default\"><strong>Pesnion Sta\u0144czyk<\/strong> - From here, close to everywhere<\/h2>\t\t\t\t<\/div>\n\t\t\t\t<\/div>\n\t\t\t\t<div class=\"elementor-element elementor-element-90da3d1 elementor-widget elementor-widget-text-editor\" data-id=\"90da3d1\" data-element_type=\"widget\" data-widget_type=\"text-editor.default\">\n\t\t\t\t<div class=\"elementor-widget-container\">\n\t\t\t\t\t\t\t\t\t<p>Stanczyk pension asset beyond its atmosphere and decor \u2013 is the location. The proximity of the most important places in Krakow and excellent public transport connections (bus stop vis-\u00e0-vis to the hotel) are about the superiority of the object over the others in this category<\/p><p>Therefore, the words \u201cIt\u2019s close everywhere \u2026\u201d are not just empty words without coverage.<\/p><p><strong>From us ...<\/strong><\/p><ul><li>to reach Kazimierz it\u2019s about 3 min. walk or one stop by tram nr 6,8,10 or bus nr 522<\/li><li>to reach the Wawel Hill it\u2019s about 9 min walk or 3 stops by tram nr 6,8,10<\/li><li>to the Main Market Square You can have a 15 minutes long walk or get there by tram nr 6,8<\/li><li>to reach the Train or Bus Station you can get tram nr 10 or bus nr 522<\/li><\/ul><div><strong>Contact<\/strong><\/div><div>adres: 30-504 Krak\u00f3w, ul. Kalwaryjska 16 (Pasa\u017c pod koron\u0105)<\/div><div>tel.: 12-656-05-07, +48 662-101-704<\/div><div>e-mail: info@pensjonatstanczyk.pl<\/div>\t\t\t\t\t\t\t\t<\/div>\n\t\t\t\t<\/div>\n\t\t\t\t\t<\/div>\n\t\t<\/div>\n\t\t\t\t\t<\/div>\n\t\t<\/section>\n\t\t\t\t<section class=\"elementor-section elementor-top-section elementor-element elementor-element-56e0e65 elementor-section-full_width elementor-section-stretched elementor-section-height-default elementor-section-height-default\" data-id=\"56e0e65\" data-element_type=\"section\" data-settings=\"{&quot;stretch_section&quot;:&quot;section-stretched&quot;}\">\n\t\t\t\t\t\t<div class=\"elementor-container elementor-column-gap-no\">\n\t\t\t\t\t<div class=\"elementor-column elementor-col-100 elementor-top-column elementor-element elementor-element-dc002d8\" data-id=\"dc002d8\" data-element_type=\"column\">\n\t\t\t<div class=\"elementor-widget-wrap elementor-element-populated\">\n\t\t\t\t\t\t<div class=\"elementor-element elementor-element-5759adb elementor-widget elementor-widget-google_maps\" data-id=\"5759adb\" data-element_type=\"widget\" data-widget_type=\"google_maps.default\">\n\t\t\t\t<div class=\"elementor-widget-container\">\n\t\t\t\t\t\t\t<div class=\"elementor-custom-embed\">\n\t\t\t<iframe loading=\"lazy\"\n\t\t\t\t\tsrc=\"https:\/\/maps.google.com\/maps?q=Pensjonat%20Sta%C5%84czyk%2C%20Krak%C3%B3w%2C%20Polska&#038;t=m&#038;z=14&#038;output=embed&#038;iwloc=near\"\n\t\t\t\t\ttitle=\"Pensjonat Sta\u0144czyk, Krak\u00f3w, Polska\"\n\t\t\t\t\taria-label=\"Pensjonat Sta\u0144czyk, Krak\u00f3w, Polska\"\n\t\t\t><\/iframe>\n\t\t<\/div>\n\t\t\t\t\t\t<\/div>\n\t\t\t\t<\/div>\n\t\t\t\t\t<\/div>\n\t\t<\/div>\n\t\t\t\t\t<\/div>\n\t\t<\/section>\n\t\t\t\t<\/div>","protected":false},"excerpt":{"rendered":"<p>Pensjonat sta\u0144czyk &#8211; st\u0105d wsz\u0119dzie jest blisko&#8230; Atutem Pensjonatu STA\u0143CZYK poza jego atmosfer\u0105 i wystrojem \u2013 jest po\u0142o\u017cenie. Blisko\u015b\u0107 najwa\u017cniejszych miejsc Krakowa jak i doskona\u0142e po\u0142\u0105czenia komunikacji miejskiej (przystanek vis-\u00e0-vis pensjonatu) stanowi\u0105 o wy\u017cszo\u015bci tego obiektu nad innymi tej kategorii. Dlatego s\u0142owa \u201eSt\u0105d wsz\u0119dzie jest blisko\u2026\u201d nie s\u0105 tylko pustym sloganem bez pokrycia. Niew\u0105tpliw\u0105 zalet\u0105 [&hellip;]<\/p>","protected":false},"author":1,"featured_media":0,"parent":0,"menu_order":0,"comment_status":"closed","ping_status":"closed","template":"","meta":{"ocean_post_layout":"","ocean_both_sidebars_style":"","ocean_both_sidebars_content_width":0,"ocean_both_sidebars_sidebars_width":0,"ocean_sidebar":"0","ocean_second_sidebar":"0","ocean_disable_margins":"enable","ocean_add_body_class":"","ocean_shortcode_before_top_bar":"","ocean_shortcode_after_top_bar":"","ocean_shortcode_before_header":"","ocean_shortcode_after_header":"","ocean_has_shortcode":"","ocean_shortcode_after_title":"","ocean_shortcode_before_footer_widgets":"","ocean_shortcode_after_footer_widgets":"","ocean_shortcode_before_footer_bottom":"","ocean_shortcode_after_footer_bottom":"","ocean_display_top_bar":"default","ocean_display_header":"default","ocean_header_style":"","ocean_center_header_left_menu":"0","ocean_custom_header_template":"0","ocean_custom_logo":0,"ocean_custom_retina_logo":0,"ocean_custom_logo_max_width":0,"ocean_custom_logo_tablet_max_width":0,"ocean_custom_logo_mobile_max_width":0,"ocean_custom_logo_max_height":0,"ocean_custom_logo_tablet_max_height":0,"ocean_custom_logo_mobile_max_height":0,"ocean_header_custom_menu":"0","ocean_menu_typo_font_family":"0","ocean_menu_typo_font_subset":"","ocean_menu_typo_font_size":0,"ocean_menu_typo_font_size_tablet":0,"ocean_menu_typo_font_size_mobile":0,"ocean_menu_typo_font_size_unit":"px","ocean_menu_typo_font_weight":"","ocean_menu_typo_font_weight_tablet":"","ocean_menu_typo_font_weight_mobile":"","ocean_menu_typo_transform":"","ocean_menu_typo_transform_tablet":"","ocean_menu_typo_transform_mobile":"","ocean_menu_typo_line_height":0,"ocean_menu_typo_line_height_tablet":0,"ocean_menu_typo_line_height_mobile":0,"ocean_menu_typo_line_height_unit":"","ocean_menu_typo_spacing":0,"ocean_menu_typo_spacing_tablet":0,"ocean_menu_typo_spacing_mobile":0,"ocean_menu_typo_spacing_unit":"","ocean_menu_link_color":"","ocean_menu_link_color_hover":"","ocean_menu_link_color_active":"","ocean_menu_link_background":"","ocean_menu_link_hover_background":"","ocean_menu_link_active_background":"","ocean_menu_social_links_bg":"","ocean_menu_social_hover_links_bg":"","ocean_menu_social_links_color":"","ocean_menu_social_hover_links_color":"","ocean_disable_title":"default","ocean_disable_heading":"default","ocean_post_title":"","ocean_post_subheading":"","ocean_post_title_style":"","ocean_post_title_background_color":"","ocean_post_title_background":0,"ocean_post_title_bg_image_position":"","ocean_post_title_bg_image_attachment":"","ocean_post_title_bg_image_repeat":"","ocean_post_title_bg_image_size":"","ocean_post_title_height":0,"ocean_post_title_bg_overlay":0.5,"ocean_post_title_bg_overlay_color":"","ocean_disable_breadcrumbs":"default","ocean_breadcrumbs_color":"","ocean_breadcrumbs_separator_color":"","ocean_breadcrumbs_links_color":"","ocean_breadcrumbs_links_hover_color":"","ocean_display_footer_widgets":"default","ocean_display_footer_bottom":"default","ocean_custom_footer_template":"0","footnotes":""},"_links":{"self":[{"href":"https:\/\/pensjonatstanczyk.pl\/en\/wp-json\/wp\/v2\/pages\/17"}],"collection":[{"href":"https:\/\/pensjonatstanczyk.pl\/en\/wp-json\/wp\/v2\/pages"}],"about":[{"href":"https:\/\/pensjonatstanczyk.pl\/en\/wp-json\/wp\/v2\/types\/page"}],"author":[{"embeddable":true,"href":"https:\/\/pensjonatstanczyk.pl\/en\/wp-json\/wp\/v2\/users\/1"}],"replies":[{"embeddable":true,"href":"https:\/\/pensjonatstanczyk.pl\/en\/wp-json\/wp\/v2\/comments?post=17"}],"version-history":[{"count":16,"href":"https:\/\/pensjonatstanczyk.pl\/en\/wp-json\/wp\/v2\/pages\/17\/revisions"}],"predecessor-version":[{"id":341,"href":"https:\/\/pensjonatstanczyk.pl\/en\/wp-json\/wp\/v2\/pages\/17\/revisions\/341"}],"wp:attachment":[{"href":"https:\/\/pensjonatstanczyk.pl\/en\/wp-json\/wp\/v2\/media?parent=17"}],"curies":[{"name":"wp","href":"https:\/\/api.w.org\/{rel}","templated":true}]}}